{"id":2365,"date":"2020-08-25T19:34:15","date_gmt":"2020-08-25T17:34:15","guid":{"rendered":"http:\/\/mila.lang-michelbach.de\/?page_id=2365"},"modified":"2022-12-18T15:53:49","modified_gmt":"2022-12-18T14:53:49","slug":"links","status":"publish","type":"page","link":"http:\/\/mila.lang-michelbach.de\/?page_id=2365","title":{"rendered":"Links"},"content":{"rendered":"<p><span style=\"color: #008000;\"><strong>Mein Verein<\/strong><\/span> &#8211; Mitglied seit Juli 2020:<a href=\"https:\/\/www.vrk-rauhaarige-kromfohrlaender.de\" target=\"_blank\" rel=\"noopener\">\u00a0Verein f\u00fcr rauhaarige Kromfohrl\u00e4nder<\/a><br \/>\n<img loading=\"lazy\" decoding=\"async\" class=\"alignnone wp-image-2369\" src=\"http:\/\/mila.lang-michelbach.de\/wp-content\/uploads\/2020\/08\/vrk-logo-300x243.jpg\" alt=\"\" width=\"130\" height=\"105\" srcset=\"http:\/\/mila.lang-michelbach.de\/wp-content\/uploads\/2020\/08\/vrk-logo-300x243.jpg 300w, http:\/\/mila.lang-michelbach.de\/wp-content\/uploads\/2020\/08\/vrk-logo.jpg 748w\" sizes=\"auto, (max-width: 130px) 85vw, 130px\" \/><\/p>\n<p>&nbsp;<\/p>\n<p><img loading=\"lazy\" decoding=\"async\" class=\"alignnone wp-image-2373\" src=\"http:\/\/mila.lang-michelbach.de\/wp-content\/uploads\/2020\/08\/KromiHoppenberg-300x227.jpg\" alt=\"\" width=\"196\" height=\"148\" srcset=\"http:\/\/mila.lang-michelbach.de\/wp-content\/uploads\/2020\/08\/KromiHoppenberg-300x227.jpg 300w, http:\/\/mila.lang-michelbach.de\/wp-content\/uploads\/2020\/08\/KromiHoppenberg.jpg 529w\" sizes=\"auto, (max-width: 196px) 85vw, 196px\" \/><br \/>\nDie reinrassigen Kromfohrl\u00e4nderh\u00fcndinnen <span style=\"color: #008000;\"><strong>Brit und Flocke<\/strong><\/span> zeigen auf ihrer Homepage unglaublich tolle <span style=\"color: #008000;\"><strong>Trick-Videos<\/strong><\/span>. Das ist sehr beeindruckend.\u00a0Heike und ihre H\u00fcndinnen sind einfach ein wunderbares Team!\u00a0<a href=\"https:\/\/www.kromfohrlaender-vom-hoppenberg.de\" target=\"_blank\" rel=\"noopener\">Kromfohrl\u00e4nder vom Hoppenberg<\/a><\/p>\n<p><img loading=\"lazy\" decoding=\"async\" class=\"alignnone wp-image-2423\" src=\"http:\/\/mila.lang-michelbach.de\/wp-content\/uploads\/2020\/08\/pastedGraphic-300x200.png\" alt=\"\" width=\"207\" height=\"138\" srcset=\"http:\/\/mila.lang-michelbach.de\/wp-content\/uploads\/2020\/08\/pastedGraphic-300x200.png 300w, http:\/\/mila.lang-michelbach.de\/wp-content\/uploads\/2020\/08\/pastedGraphic.png 482w\" sizes=\"auto, (max-width: 207px) 85vw, 207px\" \/><br \/>\nMila hatte einen <strong><span style=\"color: #008000;\">gro\u00dfartigen Papa<\/span><\/strong>. Viel zu fr\u00fch musste Papa Bjarne seine gl\u00fcckliche Hunde-Erden-Welt verlassen. Auf seiner homepage, die zur Erinnerung weiter bestehen bleibt, kann man sp\u00fcren, lesen und sehen, wie sehr Bjarne geliebt wurde. Bjarne bleibt unvergessen. Die Freundschaft zu Bjarnes Rudel ist f\u00fcr mich etwas ganz Besonderes. \u00a0<a href=\"https:\/\/bjarneswelt.jimdo.com\/aktuelles\/\" target=\"_blank\" rel=\"noopener\">Bjarnes Welt<\/a><\/p>\n<p><img loading=\"lazy\" decoding=\"async\" class=\"alignnone wp-image-2416\" src=\"http:\/\/mila.lang-michelbach.de\/wp-content\/uploads\/2020\/08\/header-300x79.jpg\" alt=\"\" width=\"232\" height=\"61\" srcset=\"http:\/\/mila.lang-michelbach.de\/wp-content\/uploads\/2020\/08\/header-300x79.jpg 300w, http:\/\/mila.lang-michelbach.de\/wp-content\/uploads\/2020\/08\/header-768x202.jpg 768w, http:\/\/mila.lang-michelbach.de\/wp-content\/uploads\/2020\/08\/header.jpg 850w\" sizes=\"auto, (max-width: 232px) 85vw, 232px\" \/><br \/>\nMit der Anfrage nach einer Welpenmappe fing 2015 alles an. Der Mailkontakt wuchs zu einer freundschaftlichen Beziehung heran. Meine Verbundenheit zu Lisette und ihrer <span style=\"color: #008000;\"><strong>Zuchtst\u00e4tte vom Chirsgarten<\/strong><\/span> (Schweiz) sch\u00e4tze ich heutzutage sehr. Dort leben drei Kromi-Mix-H\u00fcndinnen, Katzen und H\u00fchner. Wenn ich Fragen zu Mila habe hat Lisette stets gute Tipps.\u00a0<a href=\"https:\/\/www.kromfohrlaender-vom-chirsgarten.ch\" target=\"_blank\" rel=\"noopener\">Zuchtst\u00e4tte vom Chirsgarten<\/a><\/p>\n<p><img loading=\"lazy\" decoding=\"async\" class=\"alignnone wp-image-2404\" src=\"http:\/\/mila.lang-michelbach.de\/wp-content\/uploads\/2020\/08\/image-300x195.png\" alt=\"\" width=\"223\" height=\"145\" srcset=\"http:\/\/mila.lang-michelbach.de\/wp-content\/uploads\/2020\/08\/image-300x195.png 300w, http:\/\/mila.lang-michelbach.de\/wp-content\/uploads\/2020\/08\/image-768x500.png 768w, http:\/\/mila.lang-michelbach.de\/wp-content\/uploads\/2020\/08\/image.png 930w\" sizes=\"auto, (max-width: 223px) 85vw, 223px\" \/><br \/>\nGute Fotos zu schie\u00dfen ist nicht einfach. Einer der dies kann, ist Rainer! Wer Lust hat auf <span style=\"color: #008000;\"><strong>aussagestarke Fotos<\/strong><\/span> gew\u00fcrzt mit guten Zitaten und lustigen Erlebnissen, der sollte die Homepage von Rainer und seinem Kromi-Mix-R\u00fcden Bao besuchen.\u00a0<a href=\"https:\/\/posert.jimdofree.com\" target=\"_blank\" rel=\"noopener\">Kromfohrl\u00e4nder Bao<\/a><\/p>\n<p><img loading=\"lazy\" decoding=\"async\" class=\"alignnone wp-image-2375\" src=\"http:\/\/mila.lang-michelbach.de\/wp-content\/uploads\/2020\/08\/KromiDigga-300x185.jpg\" alt=\"\" width=\"246\" height=\"152\" srcset=\"http:\/\/mila.lang-michelbach.de\/wp-content\/uploads\/2020\/08\/KromiDigga-300x185.jpg 300w, http:\/\/mila.lang-michelbach.de\/wp-content\/uploads\/2020\/08\/KromiDigga-768x474.jpg 768w, http:\/\/mila.lang-michelbach.de\/wp-content\/uploads\/2020\/08\/KromiDigga.jpg 970w\" sizes=\"auto, (max-width: 246px) 85vw, 246px\" \/><br \/>\nOffen schreibt Sandra \u00fcber die Krankheit ihres Kromi-Mix-R\u00fcden Digga. Dieses <span style=\"color: #008000;\"><strong>Krankentagebuch<\/strong><\/span> kann eine wertvolle Hilfe sein, f\u00fcr Hundebesitzer mit \u00e4hnlichen Sorgen. Tapfer geht Sandra mit ihren zwei Hunden ihren Weg und vermittelt trotz diesen Problemen Zuversicht und Hoffnung.<br \/>\n<a href=\"https:\/\/krankentagebuch-digga.jimdofree.com\" target=\"_blank\" rel=\"noopener\">Tagebuch von Digga<\/a><\/p>\n<p><img loading=\"lazy\" decoding=\"async\" class=\"alignnone wp-image-2405\" src=\"http:\/\/mila.lang-michelbach.de\/wp-content\/uploads\/2020\/08\/korr_4896_med_hr-300x200.jpeg\" alt=\"\" width=\"240\" height=\"160\" srcset=\"http:\/\/mila.lang-michelbach.de\/wp-content\/uploads\/2020\/08\/korr_4896_med_hr-300x200.jpeg 300w, http:\/\/mila.lang-michelbach.de\/wp-content\/uploads\/2020\/08\/korr_4896_med_hr-768x511.jpeg 768w, http:\/\/mila.lang-michelbach.de\/wp-content\/uploads\/2020\/08\/korr_4896_med_hr.jpeg 976w\" sizes=\"auto, (max-width: 240px) 85vw, 240px\" \/><br \/>\nEine sehr erfahrene Z\u00fcchterin ist Britta aus dem hohen Norden. Neun W\u00fcrfe sind in ihrem Zwinger von den Rotenbeker Vierpf\u00f6tern schon auf die Welt gekommen &#8211; und die Zucht geht weiter:-) Auch ein Pferd, sowie Katzen und H\u00fchner leben dort. Eine Tierliebe wie sie mir gef\u00e4llt.\u00a0<a href=\"https:\/\/www.rotenbeker-vierpf\u00f6ter.de\" target=\"_blank\" rel=\"noopener\">Zwinger von den Rotenbeker Vierpf\u00f6tern<\/a><\/p>\n<p>&nbsp;<\/p>\n<p><img loading=\"lazy\" decoding=\"async\" class=\"alignnone wp-image-2407\" src=\"http:\/\/mila.lang-michelbach.de\/wp-content\/uploads\/2020\/08\/logo-300x84.png\" alt=\"\" width=\"214\" height=\"60\" srcset=\"http:\/\/mila.lang-michelbach.de\/wp-content\/uploads\/2020\/08\/logo-300x84.png 300w, http:\/\/mila.lang-michelbach.de\/wp-content\/uploads\/2020\/08\/logo.png 640w\" sizes=\"auto, (max-width: 214px) 85vw, 214px\" \/><br \/>\nMila bekommt Trockenfutter von Platinum und <span style=\"color: #008000;\">Nassfutter von Festino<\/span>. <a href=\"https:\/\/www.festino-tiernahrung.de\" target=\"_blank\" rel=\"noopener\">Festino<\/a><\/p>\n<p><span style=\"color: #ff0000;\">Privates<\/span><br \/>\nWenn <span style=\"color: #008000;\"><strong>Musik innere Bilder<\/strong><\/span> wach werden l\u00e4sst, wenn Fantasy-Wesen durch W\u00e4lder geistern, Pferde \u00fcber weite Steppen galoppieren, M\u00f6nche durchs Kloster schreiten, Adler \u00fcber Berge kreisen&#8230; &#8211; dann handelt es sich vielleicht um die Musik, die mein Sohn hobbym\u00e4ssig komponiert. Auf diesem Blog kann man die Film-Musik anh\u00f6ren.<br \/>\n<a href=\"https:\/\/www.youtube.com\/channel\/UCROZv8-7G3q6kcW4P3fDdBQ\" target=\"_blank\" rel=\"noopener\">Musik von JSL<\/a><\/p>\n<p><span style=\"color: #008000;\"><strong>Politische Artikel<\/strong><\/span>, Gedanken und Anst\u00f6sse sind in dem Blog meiner Tochter zu lesen, ver\u00f6ffentlicht bei der TAZ:<br \/>\n<a href=\"https:\/\/blogs.taz.de\/abseitsregeln\/\" target=\"_blank\" rel=\"noopener\">Rahels Welt<\/a><\/p>\n<p>&nbsp;<\/p>\n","protected":false},"excerpt":{"rendered":"<p>Mein Verein &#8211; Mitglied seit Juli 2020:\u00a0Verein f\u00fcr rauhaarige Kromfohrl\u00e4nder &nbsp; Die reinrassigen Kromfohrl\u00e4nderh\u00fcndinnen Brit und Flocke zeigen auf ihrer Homepage unglaublich tolle Trick-Videos. Das ist sehr beeindruckend.\u00a0Heike und ihre H\u00fcndinnen sind einfach ein wunderbares Team!\u00a0Kromfohrl\u00e4nder vom Hoppenberg Mila hatte einen gro\u00dfartigen Papa. Viel zu fr\u00fch musste Papa Bjarne seine gl\u00fcckliche Hunde-Erden-Welt verlassen. Auf seiner &hellip; <a href=\"http:\/\/mila.lang-michelbach.de\/?page_id=2365\" class=\"more-link\"><span class=\"screen-reader-text\">\u201eLinks\u201c <\/span>weiterlesen<\/a><\/p>\n","protected":false},"author":1,"featured_media":0,"parent":0,"menu_order":0,"comment_status":"closed","ping_status":"closed","template":"","meta":{"footnotes":""},"class_list":["post-2365","page","type-page","status-publish","hentry"],"_links":{"self":[{"href":"http:\/\/mila.lang-michelbach.de\/index.php?rest_route=\/wp\/v2\/pages\/2365","targetHints":{"allow":["GET"]}}],"collection":[{"href":"http:\/\/mila.lang-michelbach.de\/index.php?rest_route=\/wp\/v2\/pages"}],"about":[{"href":"http:\/\/mila.lang-michelbach.de\/index.php?rest_route=\/wp\/v2\/types\/page"}],"author":[{"embeddable":true,"href":"http:\/\/mila.lang-michelbach.de\/index.php?rest_route=\/wp\/v2\/users\/1"}],"replies":[{"embeddable":true,"href":"http:\/\/mila.lang-michelbach.de\/index.php?rest_route=%2Fwp%2Fv2%2Fcomments&post=2365"}],"version-history":[{"count":36,"href":"http:\/\/mila.lang-michelbach.de\/index.php?rest_route=\/wp\/v2\/pages\/2365\/revisions"}],"predecessor-version":[{"id":3669,"href":"http:\/\/mila.lang-michelbach.de\/index.php?rest_route=\/wp\/v2\/pages\/2365\/revisions\/3669"}],"wp:attachment":[{"href":"http:\/\/mila.lang-michelbach.de\/index.php?rest_route=%2Fwp%2Fv2%2Fmedia&parent=2365"}],"curies":[{"name":"wp","href":"https:\/\/api.w.org\/{rel}","templated":true}]}}