{"id":147,"date":"2016-04-18T09:12:16","date_gmt":"2016-04-18T07:12:16","guid":{"rendered":"http:\/\/mila.lang-michelbach.de\/?page_id=147"},"modified":"2020-07-31T19:22:53","modified_gmt":"2020-07-31T17:22:53","slug":"startseite","status":"publish","type":"page","link":"https:\/\/mila.lang-michelbach.de\/","title":{"rendered":"Startseite"},"content":{"rendered":"<p style=\"text-align: center;\"><span style=\"color: #000000;\">Herzlich Willkommen auf Milas blog!<\/span><\/p>\n<p>Ich glaube, die <span style=\"color: #ff6600;\">normalen<\/span> Menschen finden einen blog f\u00fcr Hunde absolut\u00a0<span style=\"color: #008000;\">verr\u00fcckt!!<\/span><br \/>\nUnd die Hunde-<span style=\"color: #008000;\">verr\u00fcckten<\/span> Menschen finden einen blog f\u00fcr Hunde absolut\u00a0<span style=\"color: #ff6600;\">normal<\/span>.<\/p>\n<p>Ich selber bin froh um die vielen informativen homepages der netten Kromfohrl\u00e4nder(mix)hunde. Dort kann ich so viel Wissenswertes erfahren.<\/p>\n<p><span style=\"color: #000000;\">Milas blog<\/span> schreibe ich f\u00fcr alle hundeverr\u00fcckten Leute. Ich schreibe es f\u00fcr meine Familie und nicht zuletzt einfach f\u00fcr mich selbst.<\/p>\n<p><span style=\"color: #ff6600;\">Neu:<\/span> Seit Juli 2020 bin ich Mitglied beim Verein f\u00fcr rauhaarige Kromfohrl\u00e4nder e.V.<br \/>\n<img loading=\"lazy\" decoding=\"async\" class=\"alignnone wp-image-2318\" src=\"http:\/\/mila.lang-michelbach.de\/wp-content\/uploads\/2020\/07\/2-300x243.jpg\" alt=\"\" width=\"198\" height=\"160\" srcset=\"https:\/\/mila.lang-michelbach.de\/wp-content\/uploads\/2020\/07\/2-300x243.jpg 300w, https:\/\/mila.lang-michelbach.de\/wp-content\/uploads\/2020\/07\/2.jpg 748w\" sizes=\"auto, (max-width: 198px) 85vw, 198px\" \/><\/p>\n<p>Ich w\u00fcnsche allen Lesern viel Freude mit Milas blog!<br \/>\nEure Iris, die Rudelchefin \ud83d\ude09<\/p>\n<p><img loading=\"lazy\" decoding=\"async\" class=\"wp-image-109 aligncenter\" src=\"http:\/\/mila.lang-michelbach.de\/wp-content\/uploads\/2016\/04\/P1050720-300x235.jpg\" alt=\"P1050720\" width=\"400\" height=\"313\" srcset=\"https:\/\/mila.lang-michelbach.de\/wp-content\/uploads\/2016\/04\/P1050720-300x235.jpg 300w, https:\/\/mila.lang-michelbach.de\/wp-content\/uploads\/2016\/04\/P1050720-768x601.jpg 768w, https:\/\/mila.lang-michelbach.de\/wp-content\/uploads\/2016\/04\/P1050720-1024x801.jpg 1024w, https:\/\/mila.lang-michelbach.de\/wp-content\/uploads\/2016\/04\/P1050720-1200x939.jpg 1200w, https:\/\/mila.lang-michelbach.de\/wp-content\/uploads\/2016\/04\/P1050720.jpg 1524w\" sizes=\"auto, (max-width: 400px) 85vw, 400px\" \/><\/p>\n<p style=\"text-align: center;\">Mila von der Cookie-Box, ein Kromfohrl\u00e4nder-Mix<\/p>\n","protected":false},"excerpt":{"rendered":"<p>Herzlich Willkommen auf Milas blog! Ich glaube, die normalen Menschen finden einen blog f\u00fcr Hunde absolut\u00a0verr\u00fcckt!! Und die Hunde-verr\u00fcckten Menschen finden einen blog f\u00fcr Hunde absolut\u00a0normal. Ich selber bin froh um die vielen informativen homepages der netten Kromfohrl\u00e4nder(mix)hunde. Dort kann ich so viel Wissenswertes erfahren. Milas blog schreibe ich f\u00fcr alle hundeverr\u00fcckten Leute. Ich schreibe &hellip; <a href=\"https:\/\/mila.lang-michelbach.de\/\" class=\"more-link\"><span class=\"screen-reader-text\">\u201eStartseite\u201c <\/span>weiterlesen<\/a><\/p>\n","protected":false},"author":2,"featured_media":0,"parent":0,"menu_order":0,"comment_status":"closed","ping_status":"closed","template":"","meta":{"footnotes":""},"class_list":["post-147","page","type-page","status-publish","hentry"],"_links":{"self":[{"href":"https:\/\/mila.lang-michelbach.de\/index.php?rest_route=\/wp\/v2\/pages\/147","targetHints":{"allow":["GET"]}}],"collection":[{"href":"https:\/\/mila.lang-michelbach.de\/index.php?rest_route=\/wp\/v2\/pages"}],"about":[{"href":"https:\/\/mila.lang-michelbach.de\/index.php?rest_route=\/wp\/v2\/types\/page"}],"author":[{"embeddable":true,"href":"https:\/\/mila.lang-michelbach.de\/index.php?rest_route=\/wp\/v2\/users\/2"}],"replies":[{"embeddable":true,"href":"https:\/\/mila.lang-michelbach.de\/index.php?rest_route=%2Fwp%2Fv2%2Fcomments&post=147"}],"version-history":[{"count":11,"href":"https:\/\/mila.lang-michelbach.de\/index.php?rest_route=\/wp\/v2\/pages\/147\/revisions"}],"predecessor-version":[{"id":2332,"href":"https:\/\/mila.lang-michelbach.de\/index.php?rest_route=\/wp\/v2\/pages\/147\/revisions\/2332"}],"wp:attachment":[{"href":"https:\/\/mila.lang-michelbach.de\/index.php?rest_route=%2Fwp%2Fv2%2Fmedia&parent=147"}],"curies":[{"name":"wp","href":"https:\/\/api.w.org\/{rel}","templated":true}]}}