{"id":33,"date":"2016-04-16T20:32:32","date_gmt":"2016-04-16T18:32:32","guid":{"rendered":"http:\/\/mila.lang-michelbach.de\/?page_id=33"},"modified":"2020-07-31T16:49:10","modified_gmt":"2020-07-31T14:49:10","slug":"ueber-uns","status":"publish","type":"page","link":"https:\/\/mila.lang-michelbach.de\/?page_id=33","title":{"rendered":"\u00dcber uns"},"content":{"rendered":"<p>Wir sind die Familie Lang und wohnen in Michelbach\/Bilz, einem Dorf in der N\u00e4he von Schw\u00e4bisch Hall (Baden W\u00fcrttemberg).<\/p>\n<p>Zu unserer Familie geh\u00f6ren mein Mann Hartmut und ich (Iris), sowie unsere Drillinge Anna, Jakob und Rahel, die im Jahr 2000 geboren wurden.<br \/>\nIn unserem \u201eDrei-Generationen-Haus\u201c wohnt mit uns unser r\u00fcstiger Opa.<\/p>\n<p><img loading=\"lazy\" decoding=\"async\" class=\"wp-image-35 aligncenter\" src=\"http:\/\/mila.lang-michelbach.de\/wp-content\/uploads\/2016\/04\/P1050390-1-300x203.jpg\" alt=\"P1050390 (1)\" width=\"524\" height=\"355\" srcset=\"https:\/\/mila.lang-michelbach.de\/wp-content\/uploads\/2016\/04\/P1050390-1-300x203.jpg 300w, https:\/\/mila.lang-michelbach.de\/wp-content\/uploads\/2016\/04\/P1050390-1-768x519.jpg 768w, https:\/\/mila.lang-michelbach.de\/wp-content\/uploads\/2016\/04\/P1050390-1-1024x692.jpg 1024w, https:\/\/mila.lang-michelbach.de\/wp-content\/uploads\/2016\/04\/P1050390-1-1200x810.jpg 1200w\" sizes=\"auto, (max-width: 524px) 85vw, 524px\" \/><\/p>\n<p>Unser gro\u00dfer Garten rund um das Haus macht es m\u00f6glich verschiedene Tiere zu halten.<br \/>\nWir haben einen Hund (Mila), ein Pferd (Levi), zwei Meerschweinchen sowie eine Griechische Landschildkr\u00f6te.<\/p>\n<p>Hunde begleiten meinen Mann und mich schon seit 1988. Zun\u00e4chst hatten wir zwei Mischlingshunde.<br \/>\nVon 2005 bis 2015 geh\u00f6rte die reinrassige Kromfohrl\u00e4nderh\u00fcndin Alma zu unserer Familie. Durch Alma lernten wir die Rasse der Kromfohrl\u00e4nder kennen und lieben.<\/p>\n<p><img loading=\"lazy\" decoding=\"async\" class=\"size-medium wp-image-37 aligncenter\" src=\"http:\/\/mila.lang-michelbach.de\/wp-content\/uploads\/2016\/04\/DSC00547-300x225.jpg\" alt=\"DSC00547.JPG\" width=\"300\" height=\"225\" srcset=\"https:\/\/mila.lang-michelbach.de\/wp-content\/uploads\/2016\/04\/DSC00547-300x225.jpg 300w, https:\/\/mila.lang-michelbach.de\/wp-content\/uploads\/2016\/04\/DSC00547-768x576.jpg 768w, https:\/\/mila.lang-michelbach.de\/wp-content\/uploads\/2016\/04\/DSC00547-1024x768.jpg 1024w, https:\/\/mila.lang-michelbach.de\/wp-content\/uploads\/2016\/04\/DSC00547-1200x900.jpg 1200w, https:\/\/mila.lang-michelbach.de\/wp-content\/uploads\/2016\/04\/DSC00547.jpg 2048w\" sizes=\"auto, (max-width: 300px) 85vw, 300px\" \/>Nach dem Tod von Alma (sie starb an der Folge einer Autoimmunkrankheit) wollten wir keinen reinrassigen Kromi mehr haben. Mittlerweile wussten wir zu viel von den Erkrankungen dieser relativ jungen Hunderasse.<br \/>\nWir sind froh, dass es engagierte und erfahrene Zuchtst\u00e4tten gibt, die mit Herz und Verstand andere Hunderassen einkreuzen, um den Genpool der Kromfohrl\u00e4nder zu erweitern. Ziel ist dabei die Verbesserung des Wesens und der Gesundheit des rauhaarigen Kromfohrl\u00e4nders.<\/p>\n<p>Seit Januar 2016 lebt nun Mila, ein Kromfohrl\u00e4nder-Mix bei uns.<br \/>\nVon 2016 bis 2019 war ich Mitglied der IGRK. Diese l\u00f6ste sich Ende 2019 auf.<br \/>\n<span style=\"color: #ff6600;\">Neu<\/span>: Seit Juli 2020 geh\u00f6re ich dem <span style=\"color: #ff6600;\">VRK<\/span> an.<br \/>\n<img loading=\"lazy\" decoding=\"async\" class=\"alignnone  wp-image-2318\" src=\"http:\/\/mila.lang-michelbach.de\/wp-content\/uploads\/2020\/07\/2-300x243.jpg\" alt=\"\" width=\"56\" height=\"45\" srcset=\"https:\/\/mila.lang-michelbach.de\/wp-content\/uploads\/2020\/07\/2-300x243.jpg 300w, https:\/\/mila.lang-michelbach.de\/wp-content\/uploads\/2020\/07\/2.jpg 748w\" sizes=\"auto, (max-width: 56px) 85vw, 56px\" \/><\/p>\n<p>&nbsp;<\/p>\n","protected":false},"excerpt":{"rendered":"<p>Wir sind die Familie Lang und wohnen in Michelbach\/Bilz, einem Dorf in der N\u00e4he von Schw\u00e4bisch Hall (Baden W\u00fcrttemberg). Zu unserer Familie geh\u00f6ren mein Mann Hartmut und ich (Iris), sowie unsere Drillinge Anna, Jakob und Rahel, die im Jahr 2000 geboren wurden. In unserem \u201eDrei-Generationen-Haus\u201c wohnt mit uns unser r\u00fcstiger Opa. Unser gro\u00dfer Garten rund &hellip; <a href=\"https:\/\/mila.lang-michelbach.de\/?page_id=33\" class=\"more-link\"><span class=\"screen-reader-text\">\u201e\u00dcber uns\u201c <\/span>weiterlesen<\/a><\/p>\n","protected":false},"author":2,"featured_media":0,"parent":0,"menu_order":0,"comment_status":"closed","ping_status":"closed","template":"","meta":{"footnotes":""},"class_list":["post-33","page","type-page","status-publish","hentry"],"_links":{"self":[{"href":"https:\/\/mila.lang-michelbach.de\/index.php?rest_route=\/wp\/v2\/pages\/33","targetHints":{"allow":["GET"]}}],"collection":[{"href":"https:\/\/mila.lang-michelbach.de\/index.php?rest_route=\/wp\/v2\/pages"}],"about":[{"href":"https:\/\/mila.lang-michelbach.de\/index.php?rest_route=\/wp\/v2\/types\/page"}],"author":[{"embeddable":true,"href":"https:\/\/mila.lang-michelbach.de\/index.php?rest_route=\/wp\/v2\/users\/2"}],"replies":[{"embeddable":true,"href":"https:\/\/mila.lang-michelbach.de\/index.php?rest_route=%2Fwp%2Fv2%2Fcomments&post=33"}],"version-history":[{"count":9,"href":"https:\/\/mila.lang-michelbach.de\/index.php?rest_route=\/wp\/v2\/pages\/33\/revisions"}],"predecessor-version":[{"id":2325,"href":"https:\/\/mila.lang-michelbach.de\/index.php?rest_route=\/wp\/v2\/pages\/33\/revisions\/2325"}],"wp:attachment":[{"href":"https:\/\/mila.lang-michelbach.de\/index.php?rest_route=%2Fwp%2Fv2%2Fmedia&parent=33"}],"curies":[{"name":"wp","href":"https:\/\/api.w.org\/{rel}","templated":true}]}}