{"id":39,"date":"2016-04-16T20:32:52","date_gmt":"2016-04-16T18:32:52","guid":{"rendered":"http:\/\/mila.lang-michelbach.de\/?page_id=39"},"modified":"2020-07-31T19:22:31","modified_gmt":"2020-07-31T17:22:31","slug":"abstammung-von-mila","status":"publish","type":"page","link":"https:\/\/mila.lang-michelbach.de\/?page_id=39","title":{"rendered":"Abstammung von Mila"},"content":{"rendered":"<p>Kaja-Mila wurde am 23. November 2015 in der Zuchtst\u00e4tte von der Cookie-Box in S\u00f6lden (bei Freiburg) geboren.<br \/>\nDer \u201eK-Wurf\u201c besteht aus 7 Hunden (2 H\u00fcndinnen und 5 R\u00fcden).<br \/>\nWeil es ein \u201eK\u201c-Wurf ist, hei\u00dft unsere H\u00fcndin Kaja-Mila. Wir nennen sie aber nur Mila.<\/p>\n<p><img loading=\"lazy\" decoding=\"async\" class=\"size-medium wp-image-42 aligncenter\" src=\"http:\/\/mila.lang-michelbach.de\/wp-content\/uploads\/2016\/04\/und-dann-waren-es-doch-sieben-1-300x225.jpg\" alt=\"und dann waren es doch sieben (1)\" width=\"300\" height=\"225\" srcset=\"https:\/\/mila.lang-michelbach.de\/wp-content\/uploads\/2016\/04\/und-dann-waren-es-doch-sieben-1-300x225.jpg 300w, https:\/\/mila.lang-michelbach.de\/wp-content\/uploads\/2016\/04\/und-dann-waren-es-doch-sieben-1-768x576.jpg 768w, https:\/\/mila.lang-michelbach.de\/wp-content\/uploads\/2016\/04\/und-dann-waren-es-doch-sieben-1-1024x768.jpg 1024w, https:\/\/mila.lang-michelbach.de\/wp-content\/uploads\/2016\/04\/und-dann-waren-es-doch-sieben-1-1200x900.jpg 1200w\" sizes=\"auto, (max-width: 300px) 85vw, 300px\" \/><\/p>\n<p>Mutter: Emine von der CookieBox (geb. 2008), Kromfohrl\u00e4nder-Griffon-Mix<br \/>\n<a href=\"http:\/\/www.cookie-box.de\/Startseite.html\" target=\"_blank\" rel=\"noopener\">Zur cookie-box.de<\/a><\/p>\n<p>Vater: Bjarne vom T\u00fcskendoor (geb. 2010), ein Kromfohrl\u00e4nder-Danskie-Mix<br \/>\n<a href=\"http:\/\/www.bjarneswelt.de\" target=\"_blank\" rel=\"noopener\">Zu Bjarneswelt<\/a><\/p>\n<p>Gro\u00dfmutter (Linie Mutter): Curry vom Isarflimmern, reinrassiger Kromfohrl\u00e4nder<br \/>\nGro\u00dfvater (Linie Mutter): Robin, Griffon-Mix<\/p>\n<p>Gro\u00dfmutter (Linie Vater): Finy vom Steenbrook, reinrassiger Kromfohrl\u00e4nder<br \/>\n<a href=\"http:\/\/www.tueskendoor.de\/startseite\/kontakt\/\" target=\"_blank\" rel=\"noopener\">Zu T\u00fcskendoor<\/a><br \/>\nGro\u00dfvater (Linie Vater): Son Mike`s Jarl, Dansk-Svensk-Gardhund (Danskie)<\/p>\n<p><img loading=\"lazy\" decoding=\"async\" class=\"alignnone wp-image-104 aligncenter\" src=\"http:\/\/mila.lang-michelbach.de\/wp-content\/uploads\/2016\/04\/P1050410-300x225.jpg\" alt=\"P1050410\" width=\"405\" height=\"304\" srcset=\"https:\/\/mila.lang-michelbach.de\/wp-content\/uploads\/2016\/04\/P1050410-300x225.jpg 300w, https:\/\/mila.lang-michelbach.de\/wp-content\/uploads\/2016\/04\/P1050410-768x576.jpg 768w, https:\/\/mila.lang-michelbach.de\/wp-content\/uploads\/2016\/04\/P1050410-1024x768.jpg 1024w, https:\/\/mila.lang-michelbach.de\/wp-content\/uploads\/2016\/04\/P1050410-1200x900.jpg 1200w\" sizes=\"auto, (max-width: 405px) 85vw, 405px\" \/>Somit hat Mila 50% Kromfohrl\u00e4nderanteil in sich, sowie 25% Griffon und 25% Danskie.<\/p>\n<p>\u00dcber Milas Z\u00fcchterin kam ich zur IGRK (Interessengemeinschaft rauhaariger Kromfohrl\u00e4nder) und war von 2016 bis 2019 dort Mitglied. Im Dezember 2019 l\u00f6ste sich die IGRK auf.<\/p>\n<p>Seit 25. Juli 2020 bin ich Mitglied im Verein f\u00fcr rauhaarige Kromfohrl\u00e4nder (VRK).<br \/>\n<img loading=\"lazy\" decoding=\"async\" class=\"alignnone wp-image-2318\" src=\"http:\/\/mila.lang-michelbach.de\/wp-content\/uploads\/2020\/07\/2-300x243.jpg\" alt=\"\" width=\"218\" height=\"176\" srcset=\"https:\/\/mila.lang-michelbach.de\/wp-content\/uploads\/2020\/07\/2-300x243.jpg 300w, https:\/\/mila.lang-michelbach.de\/wp-content\/uploads\/2020\/07\/2.jpg 748w\" sizes=\"auto, (max-width: 218px) 85vw, 218px\" \/><\/p>\n","protected":false},"excerpt":{"rendered":"<p>Kaja-Mila wurde am 23. November 2015 in der Zuchtst\u00e4tte von der Cookie-Box in S\u00f6lden (bei Freiburg) geboren. Der \u201eK-Wurf\u201c besteht aus 7 Hunden (2 H\u00fcndinnen und 5 R\u00fcden). Weil es ein \u201eK\u201c-Wurf ist, hei\u00dft unsere H\u00fcndin Kaja-Mila. Wir nennen sie aber nur Mila. Mutter: Emine von der CookieBox (geb. 2008), Kromfohrl\u00e4nder-Griffon-Mix Zur cookie-box.de Vater: Bjarne &hellip; <a href=\"https:\/\/mila.lang-michelbach.de\/?page_id=39\" class=\"more-link\"><span class=\"screen-reader-text\">\u201eAbstammung von Mila\u201c <\/span>weiterlesen<\/a><\/p>\n","protected":false},"author":2,"featured_media":0,"parent":0,"menu_order":0,"comment_status":"closed","ping_status":"closed","template":"","meta":{"footnotes":""},"class_list":["post-39","page","type-page","status-publish","hentry"],"_links":{"self":[{"href":"https:\/\/mila.lang-michelbach.de\/index.php?rest_route=\/wp\/v2\/pages\/39","targetHints":{"allow":["GET"]}}],"collection":[{"href":"https:\/\/mila.lang-michelbach.de\/index.php?rest_route=\/wp\/v2\/pages"}],"about":[{"href":"https:\/\/mila.lang-michelbach.de\/index.php?rest_route=\/wp\/v2\/types\/page"}],"author":[{"embeddable":true,"href":"https:\/\/mila.lang-michelbach.de\/index.php?rest_route=\/wp\/v2\/users\/2"}],"replies":[{"embeddable":true,"href":"https:\/\/mila.lang-michelbach.de\/index.php?rest_route=%2Fwp%2Fv2%2Fcomments&post=39"}],"version-history":[{"count":13,"href":"https:\/\/mila.lang-michelbach.de\/index.php?rest_route=\/wp\/v2\/pages\/39\/revisions"}],"predecessor-version":[{"id":2331,"href":"https:\/\/mila.lang-michelbach.de\/index.php?rest_route=\/wp\/v2\/pages\/39\/revisions\/2331"}],"wp:attachment":[{"href":"https:\/\/mila.lang-michelbach.de\/index.php?rest_route=%2Fwp%2Fv2%2Fmedia&parent=39"}],"curies":[{"name":"wp","href":"https:\/\/api.w.org\/{rel}","templated":true}]}}