{"id":911,"date":"2017-03-17T19:22:41","date_gmt":"2017-03-17T18:22:41","guid":{"rendered":"http:\/\/mila.lang-michelbach.de\/?page_id=911"},"modified":"2023-09-04T18:06:03","modified_gmt":"2023-09-04T16:06:03","slug":"filme","status":"publish","type":"page","link":"https:\/\/mila.lang-michelbach.de\/?page_id=911","title":{"rendered":"Filme"},"content":{"rendered":"<h5>Mila Meeresrauschen 2023<\/h5>\n<p><iframe loading=\"lazy\" title=\"Mila Meeresrauschen\" width=\"840\" height=\"473\" src=\"https:\/\/www.youtube.com\/embed\/44S2XurMAN8?feature=oembed\" frameborder=\"0\" allow=\"accelerometer; autoplay; clipboard-write; encrypted-media; gyroscope; picture-in-picture; web-share\" allowfullscreen><\/iframe><\/p>\n<h5>Milas Spaziergang<\/h5>\n<p><iframe loading=\"lazy\" title=\"Milas Spaziergang\" width=\"840\" height=\"473\" src=\"https:\/\/www.youtube.com\/embed\/r8HSg0QvDFI?feature=oembed\" frameborder=\"0\" allow=\"accelerometer; autoplay; clipboard-write; encrypted-media; gyroscope; picture-in-picture\" allowfullscreen><\/iframe><\/p>\n<h5>Milas R\u00fccken<\/h5>\n<p><iframe loading=\"lazy\" title=\"Milas R\u00fccken\" width=\"840\" height=\"473\" src=\"https:\/\/www.youtube.com\/embed\/KoSOZzaBF6c?feature=oembed\" frameborder=\"0\" allow=\"accelerometer; autoplay; clipboard-write; encrypted-media; gyroscope; picture-in-picture\" allowfullscreen><\/iframe><\/p>\n<h5>Milas 5. Geburtstag<\/h5>\n<p><iframe loading=\"lazy\" title=\"Milas 5. Geburtstag\" width=\"840\" height=\"473\" src=\"https:\/\/www.youtube.com\/embed\/UJt7mNIAVKo?feature=oembed\" frameborder=\"0\" allow=\"accelerometer; autoplay; clipboard-write; encrypted-media; gyroscope; picture-in-picture\" allowfullscreen><\/iframe><\/p>\n<h5>Mila &#8211; Schw\u00e4bische Alb<\/h5>\n<p><iframe loading=\"lazy\" title=\"Mila-Schwa\u0308bische Alb\" width=\"840\" height=\"473\" src=\"https:\/\/www.youtube.com\/embed\/rfFN4bRtvWU?feature=oembed\" frameborder=\"0\" allow=\"accelerometer; autoplay; clipboard-write; encrypted-media; gyroscope; picture-in-picture\" allowfullscreen><\/iframe><\/p>\n<h5>Mila und die Meeries<\/h5>\n<p><iframe loading=\"lazy\" title=\"Mila und die Meeries\" width=\"840\" height=\"473\" src=\"https:\/\/www.youtube.com\/embed\/W3pLGyIQFg8?feature=oembed\" frameborder=\"0\" allow=\"accelerometer; autoplay; clipboard-write; encrypted-media; gyroscope; picture-in-picture\" allowfullscreen><\/iframe><\/p>\n<h5>Das Dreier-Dream-Team<\/h5>\n<p><iframe loading=\"lazy\" title=\"Mila2019\" width=\"840\" height=\"473\" src=\"https:\/\/www.youtube.com\/embed\/Z2SwRiqiZ2o?feature=oembed\" frameborder=\"0\" allow=\"accelerometer; autoplay; clipboard-write; encrypted-media; gyroscope; picture-in-picture\" allowfullscreen><\/iframe><\/p>\n<h5>Mila in Holland, 2019<\/h5>\n<p><iframe loading=\"lazy\" title=\"MilaHolland2019\" width=\"840\" height=\"473\" src=\"https:\/\/www.youtube.com\/embed\/3GEj2udK8j8?feature=oembed\" frameborder=\"0\" allow=\"accelerometer; autoplay; clipboard-write; encrypted-media; gyroscope; picture-in-picture\" allowfullscreen><\/iframe><\/p>\n<h5>Mila in Holland, 2018<\/h5>\n<p><iframe loading=\"lazy\" title=\"Mila in Holland\" width=\"840\" height=\"473\" src=\"https:\/\/www.youtube.com\/embed\/svEXyd5kUec?feature=oembed\" frameborder=\"0\" allow=\"accelerometer; autoplay; clipboard-write; encrypted-media; gyroscope; picture-in-picture\" allowfullscreen><\/iframe><\/p>\n<h5>Fr\u00fchlingserwachen<\/h5>\n<p><iframe loading=\"lazy\" title=\"Fru\u0308hlingserwachen\" width=\"840\" height=\"473\" src=\"https:\/\/www.youtube.com\/embed\/3OXTRZqzYsM?feature=oembed\" frameborder=\"0\" allow=\"accelerometer; autoplay; clipboard-write; encrypted-media; gyroscope; picture-in-picture\" allowfullscreen><\/iframe><\/p>\n<h5>Mila &#8211; coole Schule<\/h5>\n<p><iframe loading=\"lazy\" title=\"Mila - Coole Schule\" width=\"840\" height=\"473\" src=\"https:\/\/www.youtube.com\/embed\/S5VOxXk15do?feature=oembed\" frameborder=\"0\" allow=\"accelerometer; autoplay; clipboard-write; encrypted-media; gyroscope; picture-in-picture\" allowfullscreen><\/iframe><\/p>\n<h5>Mila bei der Sichtung<\/h5>\n<p><iframe loading=\"lazy\" title=\"Mila bei der Sichtung\" width=\"840\" height=\"473\" src=\"https:\/\/www.youtube.com\/embed\/0z2NRawhzgk?feature=oembed\" frameborder=\"0\" allow=\"accelerometer; autoplay; clipboard-write; encrypted-media; gyroscope; picture-in-picture\" allowfullscreen><\/iframe><\/p>\n<h5>Mila macht Urlaub<\/h5>\n<p><iframe loading=\"lazy\" title=\"Mila macht Urlaub\" width=\"840\" height=\"473\" src=\"https:\/\/www.youtube.com\/embed\/lcRE2CsAcmk?feature=oembed\" frameborder=\"0\" allow=\"accelerometer; autoplay; clipboard-write; encrypted-media; gyroscope; picture-in-picture\" allowfullscreen><\/iframe><\/p>\n<h5>Milas erstes Jahr<\/h5>\n<p><iframe loading=\"lazy\" title=\"Milas erstes Jahr\" width=\"840\" height=\"473\" src=\"https:\/\/www.youtube.com\/embed\/nh_8Agl-E2M?feature=oembed\" frameborder=\"0\" allow=\"accelerometer; autoplay; clipboard-write; encrypted-media; gyroscope; picture-in-picture\" allowfullscreen><\/iframe><\/p>\n<h5>Geburtstagsfilm f\u00fcr Mila<\/h5>\n<p><iframe loading=\"lazy\" title=\"Geburtstagsfilm f\u00fcr Mila\" width=\"840\" height=\"473\" src=\"https:\/\/www.youtube.com\/embed\/XTlUQZMdkqM?feature=oembed\" frameborder=\"0\" allow=\"accelerometer; autoplay; clipboard-write; encrypted-media; gyroscope; picture-in-picture\" allowfullscreen><\/iframe><\/p>\n<h5>Mila am Meer<\/h5>\n<p><iframe loading=\"lazy\" title=\"Mila am Meer\" width=\"840\" height=\"473\" src=\"https:\/\/www.youtube.com\/embed\/XUb2Be9GxjY?feature=oembed\" frameborder=\"0\" allow=\"accelerometer; autoplay; clipboard-write; encrypted-media; gyroscope; picture-in-picture\" allowfullscreen><\/iframe><\/p>\n<h5>Fresslust<\/h5>\n<p><iframe loading=\"lazy\" title=\"Fresslust\" width=\"840\" height=\"473\" src=\"https:\/\/www.youtube.com\/embed\/Q3HvvBQsBSg?feature=oembed\" frameborder=\"0\" allow=\"accelerometer; autoplay; clipboard-write; encrypted-media; gyroscope; picture-in-picture\" allowfullscreen><\/iframe><\/p>\n<h5>Mila rennt!<\/h5>\n<p><iframe loading=\"lazy\" title=\"Mila rennt!\" width=\"840\" height=\"473\" src=\"https:\/\/www.youtube.com\/embed\/vZL1CMPMcBo?feature=oembed\" frameborder=\"0\" allow=\"accelerometer; autoplay; clipboard-write; encrypted-media; gyroscope; picture-in-picture\" allowfullscreen><\/iframe><\/p>\n<h5>Mila &amp; Levi<\/h5>\n<p><iframe loading=\"lazy\" title=\"Mila &amp; Levi\" width=\"840\" height=\"473\" src=\"https:\/\/www.youtube.com\/embed\/03iC0199YVw?feature=oembed\" frameborder=\"0\" allow=\"accelerometer; autoplay; clipboard-write; encrypted-media; gyroscope; picture-in-picture\" allowfullscreen><\/iframe><\/p>\n<h5>Mila in S\u00f6lden<\/h5>\n<p><iframe loading=\"lazy\" title=\"Mila in So\u0308lden\" width=\"840\" height=\"473\" src=\"https:\/\/www.youtube.com\/embed\/IrWqJMj0gJ0?feature=oembed\" frameborder=\"0\" allow=\"accelerometer; autoplay; clipboard-write; encrypted-media; gyroscope; picture-in-picture\" allowfullscreen><\/iframe><\/p>\n","protected":false},"excerpt":{"rendered":"<p>Mila Meeresrauschen 2023 Milas Spaziergang Milas R\u00fccken Milas 5. Geburtstag Mila &#8211; Schw\u00e4bische Alb Mila und die Meeries Das Dreier-Dream-Team Mila in Holland, 2019 Mila in Holland, 2018 Fr\u00fchlingserwachen Mila &#8211; coole Schule Mila bei der Sichtung Mila macht Urlaub Milas erstes Jahr Geburtstagsfilm f\u00fcr Mila Mila am Meer Fresslust Mila rennt! Mila &amp; Levi &hellip; <a href=\"https:\/\/mila.lang-michelbach.de\/?page_id=911\" class=\"more-link\"><span class=\"screen-reader-text\">\u201eFilme\u201c <\/span>weiterlesen<\/a><\/p>\n","protected":false},"author":1,"featured_media":0,"parent":0,"menu_order":0,"comment_status":"closed","ping_status":"closed","template":"","meta":{"footnotes":""},"class_list":["post-911","page","type-page","status-publish","hentry"],"_links":{"self":[{"href":"https:\/\/mila.lang-michelbach.de\/index.php?rest_route=\/wp\/v2\/pages\/911","targetHints":{"allow":["GET"]}}],"collection":[{"href":"https:\/\/mila.lang-michelbach.de\/index.php?rest_route=\/wp\/v2\/pages"}],"about":[{"href":"https:\/\/mila.lang-michelbach.de\/index.php?rest_route=\/wp\/v2\/types\/page"}],"author":[{"embeddable":true,"href":"https:\/\/mila.lang-michelbach.de\/index.php?rest_route=\/wp\/v2\/users\/1"}],"replies":[{"embeddable":true,"href":"https:\/\/mila.lang-michelbach.de\/index.php?rest_route=%2Fwp%2Fv2%2Fcomments&post=911"}],"version-history":[{"count":19,"href":"https:\/\/mila.lang-michelbach.de\/index.php?rest_route=\/wp\/v2\/pages\/911\/revisions"}],"predecessor-version":[{"id":3879,"href":"https:\/\/mila.lang-michelbach.de\/index.php?rest_route=\/wp\/v2\/pages\/911\/revisions\/3879"}],"wp:attachment":[{"href":"https:\/\/mila.lang-michelbach.de\/index.php?rest_route=%2Fwp%2Fv2%2Fmedia&parent=911"}],"curies":[{"name":"wp","href":"https:\/\/api.w.org\/{rel}","templated":true}]}}